{"id":250,"date":"2014-09-24T14:32:29","date_gmt":"2014-09-24T18:32:29","guid":{"rendered":"https:\/\/divatt.agrotising.dev\/?page_id=250"},"modified":"2021-06-17T06:48:19","modified_gmt":"2021-06-17T10:48:19","slug":"la-abogada","status":"publish","type":"page","link":"https:\/\/divatt.agrotising.dev\/es\/la-abogada\/","title":{"rendered":"La Abogada"},"content":{"rendered":"<p><div class=\"fusion-fullwidth fullwidth-box fusion-builder-row-1 fusion-flex-container nonhundred-percent-fullwidth non-hundred-percent-height-scrolling\" style=\"--awb-border-radius-top-left:0px;--awb-border-radius-top-right:0px;--awb-border-radius-bottom-right:0px;--awb-border-radius-bottom-left:0px;--awb-flex-wrap:wrap;\" ><div class=\"fusion-builder-row fusion-row fusion-flex-align-items-flex-start fusion-flex-content-wrap\" style=\"max-width:1144px;margin-left: calc(-4% \/ 2 );margin-right: calc(-4% \/ 2 );\"><div class=\"fusion-layout-column fusion_builder_column fusion-builder-column-0 fusion_builder_column_1_1 1_1 fusion-flex-column\" style=\"--awb-bg-size:cover;--awb-width-large:100%;--awb-margin-top-large:0px;--awb-spacing-right-large:1.92%;--awb-margin-bottom-large:0px;--awb-spacing-left-large:1.92%;--awb-width-medium:100%;--awb-spacing-right-medium:1.92%;--awb-spacing-left-medium:1.92%;--awb-width-small:100%;--awb-spacing-right-small:1.92%;--awb-spacing-left-small:1.92%;\"><div class=\"fusion-column-wrapper fusion-flex-justify-content-flex-start fusion-content-layout-column\"><div class=\"fusion-text fusion-text-1\"><h1>Liliana Guarino, Abogada de Divorcio y Derecho de Familia en Weston, Florida<\/h1>\n<p>Tratar de elegir el abogado que lo(a) representar\u00e1, mientras usted esta en el medio de una crisis familiar, es una de las partes mas dificiles del proceso de divorcio. Elegir el abogado equivocado puede resultar en, no solo p\u00e9rdidas monetarias, sino tambi\u00e9n en consecuencias no deseadas en relaci\u00f3n a sus hijos.<\/p>\n<h2>Liliana Es Diferente Del Abogado Promedio en Weston<\/h2>\n<p>Liliana Guarino es una abogada de divorcio con oficina en Weston. Qu\u00e9 es lo que diferencia Liliana de los otros abogados en Weston?<\/p>\n<ul>\n<li>Est\u00e1 genuinamente motivada a ayudar a las familias en crisis<\/li>\n<li>Est\u00e1 licenciada para ejercer la abogacia en Buenos Aires, Argentina y Florida<\/li>\n<li>Es completamente fluente en espa\u0148ol e ingl\u00e9s<\/li>\n<li>Cree firmemente que la comunicaci\u00f3n con sus clientes es esencial para obtener resultados favorable<\/li>\n<li>Trabajar\u00e1 para negociar el mejor resultado para sus clientes<\/li>\n<li>Cuando no es posible arribar a un acuerdo, representar\u00e1 a sus clientes en la corte agresivamente y profesionalmente, para proteger sus intereses<\/li>\n<\/ul>\n<h2>La Historia de Liliana<\/h2>\n<p>Liliana Guarino obtuvo su primer titulo de abogada en Argentina, en 1983. Comenz\u00f3 a practicar no solo derecho de familia, sino tambi\u00e9n accidentes y derecho criminal. Liliana trabaj\u00f3 extensivamente en casos de personas de bajos recursos, y tambi\u00e9n a traves de la iglesia a la cual asistia. En el mes de Agosto de 2014, el Colegio de Abogados de Quilmes (Buenos Aires, Argentina) le otorg\u00f3 una medalla de reconocimiento por 30 a\u0148os de ejercicio de la profesion.<\/p>\n<p>En el a\u0148o 2001, Liliana se traslad\u00f3 con su familia a los Estados Unidos, y se enrol\u00f3 en la facultad de derecho otra vez para poder ejercer la abogacia en Florida. Estudi\u00f3 en Nova Southeastern University, donde se gradu\u00f3 como Doctor en Jurisprudencia en el a\u0148o 2007. Tom\u00f3 el examen de la barra en Mayo del a\u0148o 2008, e inmediatamente comenz\u00f3 a ejercer en Weston. A pesar de que Liliana habia ejercido diferentes tipos de leyes en el pasado, decidi\u00f3 que su preferencia era ayudar a familias en tiempos dificiles. Y eso es exactamente lo que hace a traves de su ejercicio professional como abogada de derecho de familia.<\/p>\n<h2>Especialmente Cualificada<\/h2>\n<p>Liliana todavia continua licenciada para ejercer la abogacia en Buenos Aires, Argentina tanto como en Florida. Tiene conocimiento de primera mano de los dos principals sistemas juridicos del mundo: el derecho civil y el derecho com\u00fan. Se especializa en ayudar a sus clientes que tienen bienes en America del Sur y tambi\u00e9n en la Florida. Liliana es completamente biling\u00fce en espa\u0148ol e ingl\u00e9s, de tal modo que puede comunicar las complejidades del derecho de familia en ambos lenguajes. La comunicaci\u00f3n con los clientes en casos de divorcio es un element critico para obtener resultados positivos. Liliana tiene la habilidad de cerrar las brechas de comunicaci\u00f3n que pudieran existir en la traducci\u00f3n del ingl\u00e9s al espa\u0148ol, y viceversa.<\/p>\n<p>Liliana es miembro de la barra de la Florida, la barra de Broward County y del grupo de Profesionales Colaborativos del Derecho de Familia del Sur de la Florida (<a title=\"Collaborative Family Law Florida\" href=\"http:\/\/www.collaborativefamilylawfl.com\" target=\"_blank\" rel=\"noopener\">http:\/\/www.collaborativefamilylawfl.com<\/a>). Tambi\u00e9n mantiene su afiliaci\u00f3n con el Colegio de Abogados de Quilmes, la asociaci\u00f3n que regula el ejercicio professional de los abogados en Quilmes, Buenos Aires, Argentina.<\/p>\n<h2>Su Abogado de Divorcio<\/h2>\n<p>Cuando usted esta atravesando por tiempos dificiles, necesita asegurarse que su confianza est\u00e1 puesta en el mejor abogado para usted. Es fundmental que usted se sienta comodo(a) con su abogado. Si usted est\u00e1 considerando el divorcio, llame hoy para coordinar, sin compromiso, su primera consulta gratis con Liliana.<\/p>\n<\/div><\/div><\/div><\/div><\/div><div class=\"fusion-fullwidth fullwidth-box fusion-builder-row-2 fusion-flex-container nonhundred-percent-fullwidth non-hundred-percent-height-scrolling\" style=\"--awb-border-radius-top-left:0px;--awb-border-radius-top-right:0px;--awb-border-radius-bottom-right:0px;--awb-border-radius-bottom-left:0px;--awb-padding-right:40px;--awb-padding-left:40px;--awb-margin-top:40px;--awb-background-color:#cce4fc;--awb-flex-wrap:wrap;\" ><div class=\"fusion-builder-row fusion-row fusion-flex-align-items-center fusion-flex-content-wrap\" style=\"max-width:1144px;margin-left: calc(-4% \/ 2 );margin-right: calc(-4% \/ 2 );\"><div class=\"fusion-layout-column fusion_builder_column fusion-builder-column-1 fusion_builder_column_2_3 2_3 fusion-flex-column fusion-flex-align-self-center\" style=\"--awb-bg-size:cover;--awb-width-large:66.666666666667%;--awb-margin-top-large:0px;--awb-spacing-right-large:2.88%;--awb-margin-bottom-large:0px;--awb-spacing-left-large:2.88%;--awb-width-medium:100%;--awb-order-medium:0;--awb-spacing-right-medium:1.92%;--awb-spacing-left-medium:1.92%;--awb-width-small:100%;--awb-order-small:0;--awb-spacing-right-small:1.92%;--awb-spacing-left-small:1.92%;\"><div class=\"fusion-column-wrapper fusion-column-has-shadow fusion-flex-justify-content-center fusion-content-layout-column\"><div class=\"fusion-text fusion-text-2\" style=\"--awb-text-transform:none;\"><h1>Agenda una consulta personal con Liliana<\/h1>\n<\/div><div class=\"fusion-modal modal fade modal-1 freeconsultation\" tabindex=\"-1\" role=\"dialog\" aria-labelledby=\"modal-heading-1\" aria-hidden=\"true\" style=\"--awb-border-color:#ebebeb;--awb-background:#f6f6f6;\"><div class=\"modal-dialog modal-lg\" role=\"document\"><div class=\"modal-content fusion-modal-content\"><div class=\"modal-header\"><button class=\"close\" type=\"button\" data-dismiss=\"modal\" aria-hidden=\"true\" aria-label=\"Close\">&times;<\/button><h3 class=\"modal-title\" id=\"modal-heading-1\" data-dismiss=\"modal\" aria-hidden=\"true\">Agenda tu consulta gratuita con Liliana L Guarino<\/h3><\/div><div class=\"modal-body fusion-clearfix\">\n\n<div class=\"wpcf7 no-js\" id=\"wpcf7-f3446-o1\" lang=\"en-US\" dir=\"ltr\">\n<div class=\"screen-reader-response\"><p role=\"status\" aria-live=\"polite\" aria-atomic=\"true\"><\/p> <ul><\/ul><\/div>\n<form action=\"\/es\/wp-json\/wp\/v2\/pages\/250#wpcf7-f3446-o1\" method=\"post\" class=\"wpcf7-form init chimpmatic-1.3.8\" aria-label=\"Contact form\" novalidate=\"novalidate\" data-status=\"init\">\n<div style=\"display: none;\">\n<input type=\"hidden\" name=\"_wpcf7\" value=\"3446\" \/>\n<input type=\"hidden\" name=\"_wpcf7_version\" value=\"5.9.8\" \/>\n<input type=\"hidden\" name=\"_wpcf7_locale\" value=\"en_US\" \/>\n<input type=\"hidden\" name=\"_wpcf7_unit_tag\" value=\"wpcf7-f3446-o1\" \/>\n<input type=\"hidden\" name=\"_wpcf7_container_post\" value=\"0\" \/>\n<input type=\"hidden\" name=\"_wpcf7_posted_data_hash\" value=\"\" \/>\n<input type=\"hidden\" name=\"_wpcf7_recaptcha_response\" value=\"\" \/>\n<\/div>\n<p>Complete and submit to receive a call to schedule a date and time.<br \/>\n<em>Complete lo siguiente y lo llamaremos para coordinar el d\u00eda y la hora<\/em>\n<\/p>\n<p><label> First Name \/ Primer nombre (required\/informaci\u00f3n requerida)<br \/>\n<span class=\"wpcf7-form-control-wrap\" data-name=\"FNAME\"><input size=\"40\" maxlength=\"400\" class=\"wpcf7-form-control wpcf7-text wpcf7-validates-as-required\" aria-required=\"true\" aria-invalid=\"false\" value=\"\" type=\"text\" name=\"FNAME\" \/><\/span> <\/label>\n<\/p>\n<p><label> Last Name \/ Apellido (required\/informaci\u00f3n requerida)<br \/>\n<span class=\"wpcf7-form-control-wrap\" data-name=\"LNAME\"><input size=\"40\" maxlength=\"400\" class=\"wpcf7-form-control wpcf7-text wpcf7-validates-as-required\" aria-required=\"true\" aria-invalid=\"false\" value=\"\" type=\"text\" name=\"LNAME\" \/><\/span> <\/label>\n<\/p>\n<p><label> Your Email \/ Su direcci\u00f3n de correo electr\u00f3nico (required\/informaci\u00f3n requerida)<br \/>\n<span class=\"wpcf7-form-control-wrap\" data-name=\"your-email\"><input size=\"40\" maxlength=\"400\" class=\"wpcf7-form-control wpcf7-email wpcf7-validates-as-required wpcf7-text wpcf7-validates-as-email\" aria-required=\"true\" aria-invalid=\"false\" value=\"\" type=\"email\" name=\"your-email\" \/><\/span> <\/label>\n<\/p>\n<p><label> Your Phone \/ su tel\u00e9fono (required\/informaci\u00f3n requerida)<br \/>\n<span class=\"wpcf7-form-control-wrap\" data-name=\"phone\"><input size=\"40\" maxlength=\"400\" class=\"wpcf7-form-control wpcf7-tel wpcf7-validates-as-required wpcf7-text wpcf7-validates-as-tel\" aria-required=\"true\" aria-invalid=\"false\" value=\"\" type=\"tel\" name=\"phone\" \/><\/span> <\/label>\n<\/p>\n<p>We are scheduling a free consultation by phone, limited to 15 minutes approximately. We will discuss non confidential information related to a family law matter. No attorney-client relationship will exist unless we sign an engagement letter delineating the terms of the representation.\n<\/p>\n<p>By submitting this request you also agree to be added to our mailing list. But do not worry, we never share personal information and you can always unsubscribe yourself.\n<\/p>\n<p><em>Estamos planificando una primera consulta inicial gratis telefonica, de aproximadamente 15 minutos de duraci\u00f3n. Discutiremos asuntos no confidenciales relacionados a un caso de derecho de familia. No se establecer\u00e1 una relaci\u00f3n de abogado-cliente a menos que firmemos un acuerdo delineando los t\u00e9rminos de la representaci\u00f3n.<\/em>\n<\/p>\n<p><em>Al someter este pedido usted acepta que lo agreguemos a nuestra lista de correo. Pero no se preocupe, nunca divulgaremos su informacion personal, y usted se puede borrar de la lista si as\u00ed lo desea.<\/em>\n<\/p>\n<p><span class=\"wpcf7-form-control-wrap\" data-name=\"disclaimer\"><span class=\"wpcf7-form-control wpcf7-checkbox wpcf7-validates-as-required\"><span class=\"wpcf7-list-item first last\"><label><input type=\"checkbox\" name=\"disclaimer[]\" value=\"I have read and agree with the disclaimer. (He le\u00eddo y estoy de acuerdo con el descargo de responsabilidad.)\" \/><span class=\"wpcf7-list-item-label\">I have read and agree with the disclaimer. (He le\u00eddo y estoy de acuerdo con el descargo de responsabilidad.)<\/span><\/label><\/span><\/span><\/span>\n<\/p>\n<p><input class=\"wpcf7-form-control wpcf7-submit has-spinner\" type=\"submit\" value=\"Request Consultation\" \/><br \/>\n\n<\/p><p style=\"display: none !important;\" class=\"akismet-fields-container\" data-prefix=\"_wpcf7_ak_\"><label>&#916;<textarea name=\"_wpcf7_ak_hp_textarea\" cols=\"45\" rows=\"8\" maxlength=\"100\"><\/textarea><\/label><input type=\"hidden\" id=\"ak_js_1\" name=\"_wpcf7_ak_js\" value=\"182\"\/><script>document.getElementById( \"ak_js_1\" ).setAttribute( \"value\", ( new Date() ).getTime() );<\/script><\/p><div class=\"fusion-alert alert custom alert-custom fusion-alert-center wpcf7-response-output fusion-alert-capitalize awb-alert-native-link-color alert-dismissable awb-alert-close-boxed\" style=\"--awb-border-top-left-radius:0px;--awb-border-top-right-radius:0px;--awb-border-bottom-left-radius:0px;--awb-border-bottom-right-radius:0px;\" role=\"alert\"><div class=\"fusion-alert-content-wrapper\"><span class=\"fusion-alert-content\"><\/span><\/div><button type=\"button\" class=\"close toggle-alert\" data-dismiss=\"alert\" aria-label=\"Close\">&times;<\/button><\/div>\n<\/form>\n<\/div>\n\n<\/div><div class=\"modal-footer\"><button class=\"fusion-button button-default button-medium button default medium\" type=\"button\" data-dismiss=\"modal\">Close<\/button><\/div><\/div><\/div><\/div><\/div><\/div><div class=\"fusion-layout-column fusion_builder_column fusion-builder-column-2 fusion_builder_column_1_3 1_3 fusion-flex-column fusion-flex-align-self-center\" style=\"--awb-padding-top:20px;--awb-padding-bottom:20px;--awb-padding-left:0px;--awb-bg-size:cover;--awb-width-large:33.333333333333%;--awb-margin-top-large:0px;--awb-spacing-right-large:0px;--awb-margin-bottom-large:0px;--awb-spacing-left-large:0px;--awb-width-medium:100%;--awb-order-medium:0;--awb-spacing-right-medium:1.92%;--awb-spacing-left-medium:1.92%;--awb-width-small:100%;--awb-order-small:0;--awb-spacing-right-small:1.92%;--awb-spacing-left-small:1.92%;\"><div class=\"fusion-column-wrapper fusion-column-has-shadow fusion-flex-justify-content-space-evenly fusion-content-layout-column\"><div style=\"text-align:center;\"><a class=\"fusion-button button-flat button-xlarge button-default fusion-button-default button-1 fusion-button-default-span fusion-button-default-type\" target=\"_self\" href=\"#\" data-toggle=\"modal\" data-target=\".fusion-modal.freeconsultation\"><span class=\"fusion-button-text\">\u00a1Empiece ahora gratis!<\/span><\/a><\/div><\/div><\/div><\/div><\/div>\n<\/p>\n","protected":false},"excerpt":{"rendered":"","protected":false},"author":1,"featured_media":0,"parent":0,"menu_order":0,"comment_status":"closed","ping_status":"closed","template":"","meta":{"footnotes":""},"class_list":["post-250","page","type-page","status-publish","hentry"],"yoast_head":"<!-- This site is optimized with the Yoast SEO plugin v23.1 - https:\/\/yoast.com\/wordpress\/plugins\/seo\/ -->\n<title>La Abogada - Divorce Attorney Weston Florida - Liliana Guarino, P.A.<\/title>\n<meta name=\"robots\" content=\"index, follow, max-snippet:-1, max-image-preview:large, max-video-preview:-1\" \/>\n<link rel=\"canonical\" href=\"https:\/\/divatt.agrotising.dev\/es\/la-abogada\/\" \/>\n<meta property=\"og:locale\" content=\"es_ES\" \/>\n<meta property=\"og:type\" content=\"article\" \/>\n<meta property=\"og:title\" content=\"La Abogada - Divorce Attorney Weston Florida - Liliana Guarino, P.A.\" \/>\n<meta property=\"og:url\" content=\"https:\/\/divatt.agrotising.dev\/es\/la-abogada\/\" \/>\n<meta property=\"og:site_name\" content=\"Divorce Attorney Weston Florida - Liliana Guarino, P.A.\" \/>\n<meta property=\"article:modified_time\" content=\"2021-06-17T10:48:19+00:00\" \/>\n<meta name=\"twitter:label1\" content=\"Tiempo de lectura\" \/>\n\t<meta name=\"twitter:data1\" content=\"3 minutos\" \/>\n<script type=\"application\/ld+json\" class=\"yoast-schema-graph\">{\"@context\":\"https:\/\/schema.org\",\"@graph\":[{\"@type\":\"WebPage\",\"@id\":\"https:\/\/divatt.agrotising.dev\/es\/la-abogada\/\",\"url\":\"https:\/\/divatt.agrotising.dev\/es\/la-abogada\/\",\"name\":\"La Abogada - Divorce Attorney Weston Florida - Liliana Guarino, P.A.\",\"isPartOf\":{\"@id\":\"https:\/\/divatt.agrotising.dev\/#website\"},\"datePublished\":\"2014-09-24T18:32:29+00:00\",\"dateModified\":\"2021-06-17T10:48:19+00:00\",\"breadcrumb\":{\"@id\":\"https:\/\/divatt.agrotising.dev\/es\/la-abogada\/#breadcrumb\"},\"inLanguage\":\"es\",\"potentialAction\":[{\"@type\":\"ReadAction\",\"target\":[\"https:\/\/divatt.agrotising.dev\/es\/la-abogada\/\"]}]},{\"@type\":\"BreadcrumbList\",\"@id\":\"https:\/\/divatt.agrotising.dev\/es\/la-abogada\/#breadcrumb\",\"itemListElement\":[{\"@type\":\"ListItem\",\"position\":1,\"name\":\"Home\",\"item\":\"https:\/\/divatt.agrotising.dev\/es\/\"},{\"@type\":\"ListItem\",\"position\":2,\"name\":\"La Abogada\"}]},{\"@type\":\"WebSite\",\"@id\":\"https:\/\/divatt.agrotising.dev\/#website\",\"url\":\"https:\/\/divatt.agrotising.dev\/\",\"name\":\"Divorce Attorney Weston Florida - Liliana Guarino, P.A.\",\"description\":\"Matrimonial and Family Law\",\"potentialAction\":[{\"@type\":\"SearchAction\",\"target\":{\"@type\":\"EntryPoint\",\"urlTemplate\":\"https:\/\/divatt.agrotising.dev\/?s={search_term_string}\"},\"query-input\":\"required name=search_term_string\"}],\"inLanguage\":\"es\"}]}<\/script>\n<!-- \/ Yoast SEO plugin. -->","yoast_head_json":{"title":"La Abogada - Divorce Attorney Weston Florida - Liliana Guarino, P.A.","robots":{"index":"index","follow":"follow","max-snippet":"max-snippet:-1","max-image-preview":"max-image-preview:large","max-video-preview":"max-video-preview:-1"},"canonical":"https:\/\/divatt.agrotising.dev\/es\/la-abogada\/","og_locale":"es_ES","og_type":"article","og_title":"La Abogada - Divorce Attorney Weston Florida - Liliana Guarino, P.A.","og_url":"https:\/\/divatt.agrotising.dev\/es\/la-abogada\/","og_site_name":"Divorce Attorney Weston Florida - Liliana Guarino, P.A.","article_modified_time":"2021-06-17T10:48:19+00:00","twitter_misc":{"Tiempo de lectura":"3 minutos"},"schema":{"@context":"https:\/\/schema.org","@graph":[{"@type":"WebPage","@id":"https:\/\/divatt.agrotising.dev\/es\/la-abogada\/","url":"https:\/\/divatt.agrotising.dev\/es\/la-abogada\/","name":"La Abogada - Divorce Attorney Weston Florida - Liliana Guarino, P.A.","isPartOf":{"@id":"https:\/\/divatt.agrotising.dev\/#website"},"datePublished":"2014-09-24T18:32:29+00:00","dateModified":"2021-06-17T10:48:19+00:00","breadcrumb":{"@id":"https:\/\/divatt.agrotising.dev\/es\/la-abogada\/#breadcrumb"},"inLanguage":"es","potentialAction":[{"@type":"ReadAction","target":["https:\/\/divatt.agrotising.dev\/es\/la-abogada\/"]}]},{"@type":"BreadcrumbList","@id":"https:\/\/divatt.agrotising.dev\/es\/la-abogada\/#breadcrumb","itemListElement":[{"@type":"ListItem","position":1,"name":"Home","item":"https:\/\/divatt.agrotising.dev\/es\/"},{"@type":"ListItem","position":2,"name":"La Abogada"}]},{"@type":"WebSite","@id":"https:\/\/divatt.agrotising.dev\/#website","url":"https:\/\/divatt.agrotising.dev\/","name":"Divorce Attorney Weston Florida - Liliana Guarino, P.A.","description":"Matrimonial and Family Law","potentialAction":[{"@type":"SearchAction","target":{"@type":"EntryPoint","urlTemplate":"https:\/\/divatt.agrotising.dev\/?s={search_term_string}"},"query-input":"required name=search_term_string"}],"inLanguage":"es"}]}},"_links":{"self":[{"href":"https:\/\/divatt.agrotising.dev\/es\/wp-json\/wp\/v2\/pages\/250"}],"collection":[{"href":"https:\/\/divatt.agrotising.dev\/es\/wp-json\/wp\/v2\/pages"}],"about":[{"href":"https:\/\/divatt.agrotising.dev\/es\/wp-json\/wp\/v2\/types\/page"}],"author":[{"embeddable":true,"href":"https:\/\/divatt.agrotising.dev\/es\/wp-json\/wp\/v2\/users\/1"}],"replies":[{"embeddable":true,"href":"https:\/\/divatt.agrotising.dev\/es\/wp-json\/wp\/v2\/comments?post=250"}],"version-history":[{"count":5,"href":"https:\/\/divatt.agrotising.dev\/es\/wp-json\/wp\/v2\/pages\/250\/revisions"}],"predecessor-version":[{"id":3542,"href":"https:\/\/divatt.agrotising.dev\/es\/wp-json\/wp\/v2\/pages\/250\/revisions\/3542"}],"wp:attachment":[{"href":"https:\/\/divatt.agrotising.dev\/es\/wp-json\/wp\/v2\/media?parent=250"}],"curies":[{"name":"wp","href":"https:\/\/api.w.org\/{rel}","templated":true}]}}