{"id":300,"date":"2014-09-24T17:03:43","date_gmt":"2014-09-24T21:03:43","guid":{"rendered":"https:\/\/divatt.agrotising.dev\/?page_id=300"},"modified":"2024-03-23T09:17:47","modified_gmt":"2024-03-23T13:17:47","slug":"contacto","status":"publish","type":"page","link":"https:\/\/divatt.agrotising.dev\/es\/contacto\/","title":{"rendered":"Contacto \/ Ubicaci\u00f3n"},"content":{"rendered":"<p><div class=\"fusion-fullwidth fullwidth-box fusion-builder-row-1 fusion-flex-container has-pattern-background has-mask-background nonhundred-percent-fullwidth non-hundred-percent-height-scrolling\" style=\"--awb-border-radius-top-left:0px;--awb-border-radius-top-right:0px;--awb-border-radius-bottom-right:0px;--awb-border-radius-bottom-left:0px;--awb-flex-wrap:wrap;\" ><div class=\"fusion-builder-row fusion-row fusion-flex-align-items-flex-start fusion-flex-content-wrap\" style=\"max-width:1144px;margin-left: calc(-4% \/ 2 );margin-right: calc(-4% \/ 2 );\"><div class=\"fusion-layout-column fusion_builder_column fusion-builder-column-0 fusion_builder_column_1_1 1_1 fusion-flex-column\" style=\"--awb-bg-size:cover;--awb-width-large:100%;--awb-margin-top-large:0px;--awb-spacing-right-large:1.92%;--awb-margin-bottom-large:20px;--awb-spacing-left-large:1.92%;--awb-width-medium:100%;--awb-order-medium:0;--awb-spacing-right-medium:1.92%;--awb-spacing-left-medium:1.92%;--awb-width-small:100%;--awb-order-small:0;--awb-spacing-right-small:1.92%;--awb-spacing-left-small:1.92%;\"><div class=\"fusion-column-wrapper fusion-column-has-shadow fusion-flex-justify-content-flex-start fusion-content-layout-column\"><div class=\"fusion-fullwidth fullwidth-box fusion-builder-row-1-1 fusion-flex-container nonhundred-percent-fullwidth non-hundred-percent-height-scrolling\" style=\"--awb-border-radius-top-left:0px;--awb-border-radius-top-right:0px;--awb-border-radius-bottom-right:0px;--awb-border-radius-bottom-left:0px;--awb-padding-right:40px;--awb-padding-left:40px;--awb-margin-top:40px;--awb-background-color:#cce4fc;--awb-flex-wrap:wrap;\" ><div class=\"fusion-builder-row fusion-row fusion-flex-align-items-center fusion-flex-content-wrap\" style=\"width:104% !important;max-width:104% !important;margin-left: calc(-4% \/ 2 );margin-right: calc(-4% \/ 2 );\"><div class=\"fusion-layout-column fusion_builder_column fusion-builder-column-1 fusion_builder_column_2_3 2_3 fusion-flex-column fusion-flex-align-self-center\" style=\"--awb-bg-size:cover;--awb-width-large:66.666666666667%;--awb-margin-top-large:0px;--awb-spacing-right-large:2.88%;--awb-margin-bottom-large:0px;--awb-spacing-left-large:2.88%;--awb-width-medium:100%;--awb-order-medium:0;--awb-spacing-right-medium:1.92%;--awb-spacing-left-medium:1.92%;--awb-width-small:100%;--awb-order-small:0;--awb-spacing-right-small:1.92%;--awb-spacing-left-small:1.92%;\"><div class=\"fusion-column-wrapper fusion-column-has-shadow fusion-flex-justify-content-center fusion-content-layout-column\"><div class=\"fusion-text fusion-text-1\" style=\"--awb-text-transform:none;\"><h1>Agenda una consulta personal con Liliana<\/h1>\n<\/div><div class=\"fusion-modal modal fade modal-1 freeconsultation\" tabindex=\"-1\" role=\"dialog\" aria-labelledby=\"modal-heading-1\" aria-hidden=\"true\" style=\"--awb-border-color:#ebebeb;--awb-background:#f6f6f6;\"><div class=\"modal-dialog modal-lg\" role=\"document\"><div class=\"modal-content fusion-modal-content\"><div class=\"modal-header\"><button class=\"close\" type=\"button\" data-dismiss=\"modal\" aria-hidden=\"true\" aria-label=\"Close\">&times;<\/button><h3 class=\"modal-title\" id=\"modal-heading-1\" data-dismiss=\"modal\" aria-hidden=\"true\">Agenda tu consulta gratuita con Liliana L Guarino<\/h3><\/div><div class=\"modal-body fusion-clearfix\">\n\n<div class=\"wpcf7 no-js\" id=\"wpcf7-f3446-o1\" lang=\"en-US\" dir=\"ltr\">\n<div class=\"screen-reader-response\"><p role=\"status\" aria-live=\"polite\" aria-atomic=\"true\"><\/p> <ul><\/ul><\/div>\n<form action=\"\/es\/wp-json\/wp\/v2\/pages\/300#wpcf7-f3446-o1\" method=\"post\" class=\"wpcf7-form init chimpmatic-1.3.8\" aria-label=\"Contact form\" novalidate=\"novalidate\" data-status=\"init\">\n<div style=\"display: none;\">\n<input type=\"hidden\" name=\"_wpcf7\" value=\"3446\" \/>\n<input type=\"hidden\" name=\"_wpcf7_version\" value=\"5.9.8\" \/>\n<input type=\"hidden\" name=\"_wpcf7_locale\" value=\"en_US\" \/>\n<input type=\"hidden\" name=\"_wpcf7_unit_tag\" value=\"wpcf7-f3446-o1\" \/>\n<input type=\"hidden\" name=\"_wpcf7_container_post\" value=\"0\" \/>\n<input type=\"hidden\" name=\"_wpcf7_posted_data_hash\" value=\"\" \/>\n<input type=\"hidden\" name=\"_wpcf7_recaptcha_response\" value=\"\" \/>\n<\/div>\n<p>Complete and submit to receive a call to schedule a date and time.<br \/>\n<em>Complete lo siguiente y lo llamaremos para coordinar el d\u00eda y la hora<\/em>\n<\/p>\n<p><label> First Name \/ Primer nombre (required\/informaci\u00f3n requerida)<br \/>\n<span class=\"wpcf7-form-control-wrap\" data-name=\"FNAME\"><input size=\"40\" maxlength=\"400\" class=\"wpcf7-form-control wpcf7-text wpcf7-validates-as-required\" aria-required=\"true\" aria-invalid=\"false\" value=\"\" type=\"text\" name=\"FNAME\" \/><\/span> <\/label>\n<\/p>\n<p><label> Last Name \/ Apellido (required\/informaci\u00f3n requerida)<br \/>\n<span class=\"wpcf7-form-control-wrap\" data-name=\"LNAME\"><input size=\"40\" maxlength=\"400\" class=\"wpcf7-form-control wpcf7-text wpcf7-validates-as-required\" aria-required=\"true\" aria-invalid=\"false\" value=\"\" type=\"text\" name=\"LNAME\" \/><\/span> <\/label>\n<\/p>\n<p><label> Your Email \/ Su direcci\u00f3n de correo electr\u00f3nico (required\/informaci\u00f3n requerida)<br \/>\n<span class=\"wpcf7-form-control-wrap\" data-name=\"your-email\"><input size=\"40\" maxlength=\"400\" class=\"wpcf7-form-control wpcf7-email wpcf7-validates-as-required wpcf7-text wpcf7-validates-as-email\" aria-required=\"true\" aria-invalid=\"false\" value=\"\" type=\"email\" name=\"your-email\" \/><\/span> <\/label>\n<\/p>\n<p><label> Your Phone \/ su tel\u00e9fono (required\/informaci\u00f3n requerida)<br \/>\n<span class=\"wpcf7-form-control-wrap\" data-name=\"phone\"><input size=\"40\" maxlength=\"400\" class=\"wpcf7-form-control wpcf7-tel wpcf7-validates-as-required wpcf7-text wpcf7-validates-as-tel\" aria-required=\"true\" aria-invalid=\"false\" value=\"\" type=\"tel\" name=\"phone\" \/><\/span> <\/label>\n<\/p>\n<p>We are scheduling a free consultation by phone, limited to 15 minutes approximately. We will discuss non confidential information related to a family law matter. No attorney-client relationship will exist unless we sign an engagement letter delineating the terms of the representation.\n<\/p>\n<p>By submitting this request you also agree to be added to our mailing list. But do not worry, we never share personal information and you can always unsubscribe yourself.\n<\/p>\n<p><em>Estamos planificando una primera consulta inicial gratis telefonica, de aproximadamente 15 minutos de duraci\u00f3n. Discutiremos asuntos no confidenciales relacionados a un caso de derecho de familia. No se establecer\u00e1 una relaci\u00f3n de abogado-cliente a menos que firmemos un acuerdo delineando los t\u00e9rminos de la representaci\u00f3n.<\/em>\n<\/p>\n<p><em>Al someter este pedido usted acepta que lo agreguemos a nuestra lista de correo. Pero no se preocupe, nunca divulgaremos su informacion personal, y usted se puede borrar de la lista si as\u00ed lo desea.<\/em>\n<\/p>\n<p><span class=\"wpcf7-form-control-wrap\" data-name=\"disclaimer\"><span class=\"wpcf7-form-control wpcf7-checkbox wpcf7-validates-as-required\"><span class=\"wpcf7-list-item first last\"><label><input type=\"checkbox\" name=\"disclaimer[]\" value=\"I have read and agree with the disclaimer. (He le\u00eddo y estoy de acuerdo con el descargo de responsabilidad.)\" \/><span class=\"wpcf7-list-item-label\">I have read and agree with the disclaimer. (He le\u00eddo y estoy de acuerdo con el descargo de responsabilidad.)<\/span><\/label><\/span><\/span><\/span>\n<\/p>\n<p><input class=\"wpcf7-form-control wpcf7-submit has-spinner\" type=\"submit\" value=\"Request Consultation\" \/><br \/>\n\n<\/p><p style=\"display: none !important;\" class=\"akismet-fields-container\" data-prefix=\"_wpcf7_ak_\"><label>&#916;<textarea name=\"_wpcf7_ak_hp_textarea\" cols=\"45\" rows=\"8\" maxlength=\"100\"><\/textarea><\/label><input type=\"hidden\" id=\"ak_js_1\" name=\"_wpcf7_ak_js\" value=\"68\"\/><script>document.getElementById( \"ak_js_1\" ).setAttribute( \"value\", ( new Date() ).getTime() );<\/script><\/p><div class=\"fusion-alert alert custom alert-custom fusion-alert-center wpcf7-response-output fusion-alert-capitalize awb-alert-native-link-color alert-dismissable awb-alert-close-boxed\" style=\"--awb-border-top-left-radius:0px;--awb-border-top-right-radius:0px;--awb-border-bottom-left-radius:0px;--awb-border-bottom-right-radius:0px;\" role=\"alert\"><div class=\"fusion-alert-content-wrapper\"><span class=\"fusion-alert-content\"><\/span><\/div><button type=\"button\" class=\"close toggle-alert\" data-dismiss=\"alert\" aria-label=\"Close\">&times;<\/button><\/div>\n<\/form>\n<\/div>\n\n<\/div><div class=\"modal-footer\"><button class=\"fusion-button button-default button-medium button default medium\" type=\"button\" data-dismiss=\"modal\">Close<\/button><\/div><\/div><\/div><\/div><\/div><\/div><div class=\"fusion-layout-column fusion_builder_column fusion-builder-column-2 fusion_builder_column_1_3 1_3 fusion-flex-column fusion-flex-align-self-center\" style=\"--awb-padding-top:20px;--awb-padding-bottom:20px;--awb-padding-left:0px;--awb-bg-size:cover;--awb-width-large:33.333333333333%;--awb-margin-top-large:0px;--awb-spacing-right-large:0px;--awb-margin-bottom-large:0px;--awb-spacing-left-large:0px;--awb-width-medium:100%;--awb-order-medium:0;--awb-spacing-right-medium:1.92%;--awb-spacing-left-medium:1.92%;--awb-width-small:100%;--awb-order-small:0;--awb-spacing-right-small:1.92%;--awb-spacing-left-small:1.92%;\"><div class=\"fusion-column-wrapper fusion-column-has-shadow fusion-flex-justify-content-space-evenly fusion-content-layout-column\"><div style=\"text-align:center;\"><a class=\"fusion-button button-flat button-xlarge button-default fusion-button-default button-1 fusion-button-default-span fusion-button-default-type\" target=\"_self\" href=\"#\" data-toggle=\"modal\" data-target=\".fusion-modal.freeconsultation\"><span class=\"fusion-button-text\">\u00a1Empiece ahora gratis!<\/span><\/a><\/div><\/div><\/div><\/div><\/div>\n<\/div><\/div><\/div><\/div><div class=\"fusion-fullwidth fullwidth-box fusion-builder-row-2 nonhundred-percent-fullwidth non-hundred-percent-height-scrolling\" style=\"--awb-border-radius-top-left:0px;--awb-border-radius-top-right:0px;--awb-border-radius-bottom-right:0px;--awb-border-radius-bottom-left:0px;--awb-flex-wrap:wrap;\" ><div class=\"fusion-builder-row fusion-row\"><div class=\"fusion-layout-column fusion_builder_column fusion-builder-column-3 fusion_builder_column_1_1 1_1 fusion-one-full fusion-column-first fusion-column-last\" style=\"--awb-bg-size:cover;--awb-margin-bottom:0px;\"><div class=\"fusion-column-wrapper fusion-column-has-shadow fusion-flex-column-wrapper-legacy\"><div class=\"fusion-column-content-centered\"><div class=\"fusion-column-content\"><div class=\"fusion-sep-clear\"><\/div><div class=\"fusion-separator fusion-full-width-sep\" style=\"margin-left: auto;margin-right: auto;margin-top:20px;margin-bottom:20px;width:100%;\"><div class=\"fusion-separator-border sep-double\" style=\"--awb-height:20px;--awb-amount:20px;border-color:#e0dede;border-top-width:1px;border-bottom-width:1px;\"><\/div><\/div><div class=\"fusion-sep-clear\"><\/div><div class=\"fusion-text fusion-text-2\"><h1>Direcciones<\/h1>\n<p>Liliana L Guarino P.A. se encuentra en el edificio Lakeside Executive Suites.<\/p>\n<p>Desde la carretera interestatal 75, tome la salida 15 hacia Royal Palm Boulevard. Dir\u00edjase hacia el oeste en Royal Palm Blvd. hasta Weston Road (ser\u00e1 el primer sem\u00e1foro). Use el segundo carril desde la izquierda para girar a la izquierda en Weston Rd. Entre en el carril de la extrema derecha.<\/p>\n<p>La primera calle (antes del sem\u00e1foro) es Executive Park Drive. Gire a la derecha en Executive Park Drive y contin\u00fae hasta el final. Lakeside Executive Suites se encuentra al final de Executive Park Drive. Hay mucho estacionamiento gratuito. Ingrese al edificio principal y anunciese con la recepcionista.<\/p>\n<\/div><div class=\"fusion-sep-clear\"><\/div><div class=\"fusion-separator fusion-full-width-sep\" style=\"margin-left: auto;margin-right: auto;margin-top:4%;width:100%;\"><\/div><div class=\"fusion-sep-clear\"><\/div><div class=\"hide-on-mobile\"><iframe src=\"https:\/\/www.google.com\/maps\/embed?pb=!1m18!1m12!1m3!1d3583.3970650541155!2d-80.37645384893008!3d26.085954183409537!2m3!1f0!2f0!3f0!3m2!1i1024!2i768!4f13.1!3m3!1m2!1s0x88d9a0afd2d04d51%3A0x22370e37162c8bc2!2sLakeside%20Executive%20Suites%20-%20Coworking%20Office%20Space%20Weston!5e0!3m2!1sen!2sus!4v1627065765957!5m2!1sen!2sus\" width=\"765\" height=\"525\" style=\"border:0;\" allowfullscreen=\"\" loading=\"lazy\"><\/iframe><\/div><\/div><\/div><div class=\"fusion-clearfix\"><\/div><\/div><\/div><\/div><\/div><div class=\"fusion-fullwidth fullwidth-box fusion-builder-row-3 nonhundred-percent-fullwidth non-hundred-percent-height-scrolling fusion-equal-height-columns\" style=\"--awb-border-radius-top-left:0px;--awb-border-radius-top-right:0px;--awb-border-radius-bottom-right:0px;--awb-border-radius-bottom-left:0px;--awb-flex-wrap:wrap;\" ><div class=\"fusion-builder-row fusion-row\"><div class=\"fusion-layout-column fusion_builder_column fusion-builder-column-4 fusion_builder_column_1_1 1_1 fusion-one-full fusion-column-first fusion-column-last\" style=\"--awb-bg-blend:overlay;--awb-bg-size:cover;--awb-margin-bottom:0px;\"><div class=\"fusion-column-wrapper fusion-flex-column-wrapper-legacy\"><div class=\"fusion-sep-clear\"><\/div><div class=\"fusion-separator fusion-full-width-sep\" style=\"margin-left: auto;margin-right: auto;margin-top:20px;margin-bottom:20px;width:100%;\"><\/div><div class=\"fusion-sep-clear\"><\/div><div class=\"fusion-builder-row fusion-builder-row-inner fusion-row\"><div class=\"fusion-layout-column fusion_builder_column_inner fusion-builder-nested-column-0 fusion_builder_column_inner_1_2 1_2 fusion-one-half fusion-column-first\" style=\"--awb-bg-size:cover;width:50%;width:calc(50% - ( ( 4% ) * 0.5 ) );margin-right: 4%;\"><div class=\"fusion-column-wrapper fusion-column-has-shadow fusion-flex-column-wrapper-legacy\"><div class=\"fusion-image-element in-legacy-container\" style=\"--awb-caption-title-font-family:var(--h2_typography-font-family);--awb-caption-title-font-weight:var(--h2_typography-font-weight);--awb-caption-title-font-style:var(--h2_typography-font-style);--awb-caption-title-size:var(--h2_typography-font-size);--awb-caption-title-transform:var(--h2_typography-text-transform);--awb-caption-title-line-height:var(--h2_typography-line-height);--awb-caption-title-letter-spacing:var(--h2_typography-letter-spacing);\"><span class=\" fusion-imageframe imageframe-none imageframe-1 hover-type-none\"><img decoding=\"async\" width=\"1200\" height=\"792\" title=\"Lakeside-Executive-Suites-exterior\" src=\"https:\/\/divatt.agrotising.dev\/wp-content\/uploads\/2021\/07\/Lakeside-Executive-Suites-exterior.jpg\" alt class=\"img-responsive wp-image-3609\" srcset=\"https:\/\/divatt.agrotising.dev\/wp-content\/uploads\/2021\/07\/Lakeside-Executive-Suites-exterior-200x132.jpg 200w, https:\/\/divatt.agrotising.dev\/wp-content\/uploads\/2021\/07\/Lakeside-Executive-Suites-exterior-400x264.jpg 400w, https:\/\/divatt.agrotising.dev\/wp-content\/uploads\/2021\/07\/Lakeside-Executive-Suites-exterior-600x396.jpg 600w, https:\/\/divatt.agrotising.dev\/wp-content\/uploads\/2021\/07\/Lakeside-Executive-Suites-exterior-800x528.jpg 800w, https:\/\/divatt.agrotising.dev\/wp-content\/uploads\/2021\/07\/Lakeside-Executive-Suites-exterior.jpg 1200w\" sizes=\"(max-width: 800px) 100vw, 600px\" \/><\/span><\/div><div class=\"fusion-clearfix\"><\/div><\/div><\/div><div class=\"fusion-layout-column fusion_builder_column_inner fusion-builder-nested-column-1 fusion_builder_column_inner_1_2 1_2 fusion-one-half fusion-column-last\" style=\"--awb-bg-size:cover;width:50%;width:calc(50% - ( ( 4% ) * 0.5 ) );\"><div class=\"fusion-column-wrapper fusion-column-has-shadow fusion-flex-column-wrapper-legacy\"><div class=\"fusion-image-element in-legacy-container\" style=\"--awb-caption-title-font-family:var(--h2_typography-font-family);--awb-caption-title-font-weight:var(--h2_typography-font-weight);--awb-caption-title-font-style:var(--h2_typography-font-style);--awb-caption-title-size:var(--h2_typography-font-size);--awb-caption-title-transform:var(--h2_typography-text-transform);--awb-caption-title-line-height:var(--h2_typography-line-height);--awb-caption-title-letter-spacing:var(--h2_typography-letter-spacing);\"><span class=\" fusion-imageframe imageframe-none imageframe-2 hover-type-none\"><img decoding=\"async\" width=\"1200\" height=\"792\" title=\"Lakeside-Executive-Suites-lobby\" src=\"https:\/\/divatt.agrotising.dev\/wp-content\/uploads\/2021\/07\/Lakeside-Executive-Suites-lobby.jpg\" alt class=\"img-responsive wp-image-3611\" srcset=\"https:\/\/divatt.agrotising.dev\/wp-content\/uploads\/2021\/07\/Lakeside-Executive-Suites-lobby-200x132.jpg 200w, https:\/\/divatt.agrotising.dev\/wp-content\/uploads\/2021\/07\/Lakeside-Executive-Suites-lobby-400x264.jpg 400w, https:\/\/divatt.agrotising.dev\/wp-content\/uploads\/2021\/07\/Lakeside-Executive-Suites-lobby-600x396.jpg 600w, https:\/\/divatt.agrotising.dev\/wp-content\/uploads\/2021\/07\/Lakeside-Executive-Suites-lobby-800x528.jpg 800w, https:\/\/divatt.agrotising.dev\/wp-content\/uploads\/2021\/07\/Lakeside-Executive-Suites-lobby.jpg 1200w\" sizes=\"(max-width: 800px) 100vw, 600px\" \/><\/span><\/div><div class=\"fusion-clearfix\"><\/div><\/div><\/div><\/div><div class=\"fusion-clearfix\"><\/div><\/div><\/div><\/div><\/div><\/p>\n","protected":false},"excerpt":{"rendered":"","protected":false},"author":1,"featured_media":0,"parent":0,"menu_order":0,"comment_status":"open","ping_status":"open","template":"","meta":{"footnotes":""},"class_list":["post-300","page","type-page","status-publish","hentry"],"yoast_head":"<!-- This site is optimized with the Yoast SEO plugin v23.1 - https:\/\/yoast.com\/wordpress\/plugins\/seo\/ -->\n<title>Contacto \/ Ubicaci\u00f3n - Divorce Attorney Weston Florida - Liliana Guarino, P.A.<\/title>\n<meta name=\"description\" content=\"P\u00f3ngase en contacto con Liliana por correo electr\u00f3nico, tel\u00e9fono o visite nuestra ubicaci\u00f3n en Weston dentro del edificio de The Lakeside Executive Suites. Ubicado en Weston Road al oeste de la I-75.\" \/>\n<meta name=\"robots\" content=\"index, follow, max-snippet:-1, max-image-preview:large, max-video-preview:-1\" \/>\n<link rel=\"canonical\" href=\"https:\/\/divatt.agrotising.dev\/es\/contacto\/\" \/>\n<meta property=\"og:locale\" content=\"es_ES\" \/>\n<meta property=\"og:type\" content=\"article\" \/>\n<meta property=\"og:title\" content=\"Contacto \/ Ubicaci\u00f3n - Divorce Attorney Weston Florida - Liliana Guarino, P.A.\" \/>\n<meta property=\"og:description\" content=\"P\u00f3ngase en contacto con Liliana por correo electr\u00f3nico, tel\u00e9fono o visite nuestra ubicaci\u00f3n en Weston dentro del edificio de The Lakeside Executive Suites. Ubicado en Weston Road al oeste de la I-75.\" \/>\n<meta property=\"og:url\" content=\"https:\/\/divatt.agrotising.dev\/es\/contacto\/\" \/>\n<meta property=\"og:site_name\" content=\"Divorce Attorney Weston Florida - Liliana Guarino, P.A.\" \/>\n<meta property=\"article:modified_time\" content=\"2024-03-23T13:17:47+00:00\" \/>\n<meta name=\"twitter:label1\" content=\"Tiempo de lectura\" \/>\n\t<meta name=\"twitter:data1\" content=\"2 minutos\" \/>\n<script type=\"application\/ld+json\" class=\"yoast-schema-graph\">{\"@context\":\"https:\/\/schema.org\",\"@graph\":[{\"@type\":\"WebPage\",\"@id\":\"https:\/\/divatt.agrotising.dev\/es\/contacto\/\",\"url\":\"https:\/\/divatt.agrotising.dev\/es\/contacto\/\",\"name\":\"Contacto \/ Ubicaci\u00f3n - Divorce Attorney Weston Florida - Liliana Guarino, P.A.\",\"isPartOf\":{\"@id\":\"https:\/\/divatt.agrotising.dev\/#website\"},\"datePublished\":\"2014-09-24T21:03:43+00:00\",\"dateModified\":\"2024-03-23T13:17:47+00:00\",\"description\":\"P\u00f3ngase en contacto con Liliana por correo electr\u00f3nico, tel\u00e9fono o visite nuestra ubicaci\u00f3n en Weston dentro del edificio de The Lakeside Executive Suites. Ubicado en Weston Road al oeste de la I-75.\",\"breadcrumb\":{\"@id\":\"https:\/\/divatt.agrotising.dev\/es\/contacto\/#breadcrumb\"},\"inLanguage\":\"es\",\"potentialAction\":[{\"@type\":\"ReadAction\",\"target\":[\"https:\/\/divatt.agrotising.dev\/es\/contacto\/\"]}]},{\"@type\":\"BreadcrumbList\",\"@id\":\"https:\/\/divatt.agrotising.dev\/es\/contacto\/#breadcrumb\",\"itemListElement\":[{\"@type\":\"ListItem\",\"position\":1,\"name\":\"Home\",\"item\":\"https:\/\/divatt.agrotising.dev\/es\/\"},{\"@type\":\"ListItem\",\"position\":2,\"name\":\"Contacto \/ Ubicaci\u00f3n\"}]},{\"@type\":\"WebSite\",\"@id\":\"https:\/\/divatt.agrotising.dev\/#website\",\"url\":\"https:\/\/divatt.agrotising.dev\/\",\"name\":\"Divorce Attorney Weston Florida - Liliana Guarino, P.A.\",\"description\":\"Matrimonial and Family Law\",\"potentialAction\":[{\"@type\":\"SearchAction\",\"target\":{\"@type\":\"EntryPoint\",\"urlTemplate\":\"https:\/\/divatt.agrotising.dev\/?s={search_term_string}\"},\"query-input\":\"required name=search_term_string\"}],\"inLanguage\":\"es\"}]}<\/script>\n<!-- \/ Yoast SEO plugin. -->","yoast_head_json":{"title":"Contacto \/ Ubicaci\u00f3n - Divorce Attorney Weston Florida - Liliana Guarino, P.A.","description":"P\u00f3ngase en contacto con Liliana por correo electr\u00f3nico, tel\u00e9fono o visite nuestra ubicaci\u00f3n en Weston dentro del edificio de The Lakeside Executive Suites. Ubicado en Weston Road al oeste de la I-75.","robots":{"index":"index","follow":"follow","max-snippet":"max-snippet:-1","max-image-preview":"max-image-preview:large","max-video-preview":"max-video-preview:-1"},"canonical":"https:\/\/divatt.agrotising.dev\/es\/contacto\/","og_locale":"es_ES","og_type":"article","og_title":"Contacto \/ Ubicaci\u00f3n - Divorce Attorney Weston Florida - Liliana Guarino, P.A.","og_description":"P\u00f3ngase en contacto con Liliana por correo electr\u00f3nico, tel\u00e9fono o visite nuestra ubicaci\u00f3n en Weston dentro del edificio de The Lakeside Executive Suites. Ubicado en Weston Road al oeste de la I-75.","og_url":"https:\/\/divatt.agrotising.dev\/es\/contacto\/","og_site_name":"Divorce Attorney Weston Florida - Liliana Guarino, P.A.","article_modified_time":"2024-03-23T13:17:47+00:00","twitter_misc":{"Tiempo de lectura":"2 minutos"},"schema":{"@context":"https:\/\/schema.org","@graph":[{"@type":"WebPage","@id":"https:\/\/divatt.agrotising.dev\/es\/contacto\/","url":"https:\/\/divatt.agrotising.dev\/es\/contacto\/","name":"Contacto \/ Ubicaci\u00f3n - Divorce Attorney Weston Florida - Liliana Guarino, P.A.","isPartOf":{"@id":"https:\/\/divatt.agrotising.dev\/#website"},"datePublished":"2014-09-24T21:03:43+00:00","dateModified":"2024-03-23T13:17:47+00:00","description":"P\u00f3ngase en contacto con Liliana por correo electr\u00f3nico, tel\u00e9fono o visite nuestra ubicaci\u00f3n en Weston dentro del edificio de The Lakeside Executive Suites. Ubicado en Weston Road al oeste de la I-75.","breadcrumb":{"@id":"https:\/\/divatt.agrotising.dev\/es\/contacto\/#breadcrumb"},"inLanguage":"es","potentialAction":[{"@type":"ReadAction","target":["https:\/\/divatt.agrotising.dev\/es\/contacto\/"]}]},{"@type":"BreadcrumbList","@id":"https:\/\/divatt.agrotising.dev\/es\/contacto\/#breadcrumb","itemListElement":[{"@type":"ListItem","position":1,"name":"Home","item":"https:\/\/divatt.agrotising.dev\/es\/"},{"@type":"ListItem","position":2,"name":"Contacto \/ Ubicaci\u00f3n"}]},{"@type":"WebSite","@id":"https:\/\/divatt.agrotising.dev\/#website","url":"https:\/\/divatt.agrotising.dev\/","name":"Divorce Attorney Weston Florida - Liliana Guarino, P.A.","description":"Matrimonial and Family Law","potentialAction":[{"@type":"SearchAction","target":{"@type":"EntryPoint","urlTemplate":"https:\/\/divatt.agrotising.dev\/?s={search_term_string}"},"query-input":"required name=search_term_string"}],"inLanguage":"es"}]}},"_links":{"self":[{"href":"https:\/\/divatt.agrotising.dev\/es\/wp-json\/wp\/v2\/pages\/300"}],"collection":[{"href":"https:\/\/divatt.agrotising.dev\/es\/wp-json\/wp\/v2\/pages"}],"about":[{"href":"https:\/\/divatt.agrotising.dev\/es\/wp-json\/wp\/v2\/types\/page"}],"author":[{"embeddable":true,"href":"https:\/\/divatt.agrotising.dev\/es\/wp-json\/wp\/v2\/users\/1"}],"replies":[{"embeddable":true,"href":"https:\/\/divatt.agrotising.dev\/es\/wp-json\/wp\/v2\/comments?post=300"}],"version-history":[{"count":5,"href":"https:\/\/divatt.agrotising.dev\/es\/wp-json\/wp\/v2\/pages\/300\/revisions"}],"predecessor-version":[{"id":11213,"href":"https:\/\/divatt.agrotising.dev\/es\/wp-json\/wp\/v2\/pages\/300\/revisions\/11213"}],"wp:attachment":[{"href":"https:\/\/divatt.agrotising.dev\/es\/wp-json\/wp\/v2\/media?parent=300"}],"curies":[{"name":"wp","href":"https:\/\/api.w.org\/{rel}","templated":true}]}}