{"id":3944,"date":"2021-11-12T14:17:25","date_gmt":"2021-11-12T19:17:25","guid":{"rendered":"https:\/\/divatt.agrotising.dev\/derecho-colaborativo\/"},"modified":"2021-12-03T17:21:04","modified_gmt":"2021-12-03T22:21:04","slug":"derecho-colaborativo","status":"publish","type":"page","link":"https:\/\/divatt.agrotising.dev\/es\/derecho-colaborativo\/","title":{"rendered":"Derecho colaborativo"},"content":{"rendered":"<p><div class=\"fusion-fullwidth fullwidth-box fusion-builder-row-1 hundred-percent-fullwidth non-hundred-percent-height-scrolling\" style=\"--awb-background-position:left top;--awb-border-sizes-top:0px;--awb-border-sizes-bottom:0px;--awb-border-sizes-left:0px;--awb-border-sizes-right:0px;--awb-border-radius-top-left:0px;--awb-border-radius-top-right:0px;--awb-border-radius-bottom-right:0px;--awb-border-radius-bottom-left:0px;--awb-background-color:#ffffff;--awb-flex-wrap:wrap;\" ><div class=\"fusion-builder-row fusion-row\"><div class=\"fusion-layout-column fusion_builder_column fusion-builder-column-0 fusion_builder_column_1_1 1_1 fusion-one-full fusion-column-first fusion-column-last\" style=\"--awb-padding-top:20px;--awb-padding-right:20px;--awb-padding-bottom:20px;--awb-padding-left:20px;--awb-bg-size:cover;--awb-margin-top:20px;\"><div class=\"fusion-column-wrapper fusion-flex-column-wrapper-legacy\"><div class=\"fusion-title title fusion-title-1 fusion-sep-none fusion-title-text fusion-title-size-one\"><h1 class=\"fusion-title-heading title-heading-left\" style=\"margin:0;\"><h1>Divorcio colaborativo. Trabajar juntos tiene muchos beneficios.<\/h1><\/h1><\/div><div class=\"fusion-text fusion-text-1\" style=\"--awb-text-transform:none;\"><p>\u00bfPueden usted y su c\u00f3nyuge trabajar juntos para resolver los problemas del divorcio de manera amistosa? Si es as\u00ed, el m\u00e9todo colaborativo puede ser para usted.<\/p>\n<p>Un divorcio colaborativo requiere que ambas partes acuerden resolver sus problemas de manera amistosa sin ir a la corte. En un enfoque de equipo, que puede incluir profesionales financieros y de salud mental, tanto los c\u00f3nyuges como sus abogados firman un \u00abAcuerdo de participaci\u00f3n\u00bb en el que acuerdan trabajar juntos e intercambiar voluntariamente toda la informaci\u00f3n para llegar a una soluci\u00f3n satisfactoria de todos los problemas en un ambiente no adversario. Los abogados colaborativos deben recibir una formaci\u00f3n y una certificaci\u00f3n especiales.<\/p>\n<blockquote>\n<p>Liliana es miembro de los Profesionales Colaborativos del Derecho de Familia del Sur de Florida.<\/p>\n<\/blockquote>\n<p>Existen incentivos econ\u00f3micos y emocionales para trabajar en el proceso de colaboraci\u00f3n una vez que se haya comprometido con \u00e9l. Pero si una de las partes decide que el divorcio no se puede finalizar en forma colaborativa, ambos abogados deben retirarse del caso y ambos c\u00f3nyuges deben obtener nuevos abogados.<\/p>\n<\/div><div class=\"fusion-clearfix\"><\/div><\/div><\/div><\/div><\/div><div class=\"fusion-fullwidth fullwidth-box fusion-builder-row-2 nonhundred-percent-fullwidth non-hundred-percent-height-scrolling\" style=\"--awb-background-position:left top;--awb-border-sizes-top:0px;--awb-border-sizes-bottom:0px;--awb-border-sizes-left:0px;--awb-border-sizes-right:0px;--awb-border-radius-top-left:0px;--awb-border-radius-top-right:0px;--awb-border-radius-bottom-right:0px;--awb-border-radius-bottom-left:0px;--awb-padding-top:0px;--awb-padding-bottom:0px;--awb-flex-wrap:wrap;\" ><div class=\"fusion-builder-row fusion-row\"><div class=\"fusion-layout-column fusion_builder_column fusion-builder-column-1 fusion_builder_column_1_1 1_1 fusion-one-full fusion-column-first fusion-column-last fusion-column-no-min-height\" style=\"--awb-bg-size:cover;--awb-margin-bottom:0px;\"><div class=\"fusion-column-wrapper fusion-flex-column-wrapper-legacy\"><div class=\"fusion-title title fusion-title-2 fusion-sep-none fusion-title-text fusion-title-size-one\"><h1 class=\"fusion-title-heading title-heading-left\" style=\"margin:0;\"><h1>Derecho colaborativo como opci\u00f3n de divorcio &#8211; Preguntas frecuentes<\/h1><\/h1><\/div><style type=\"text\/css\">.fusion-faqs-wrapper #accordian-1 .fusion-panel { border-color:#e0dede; }.fusion-faqs-wrapper #accordian-1 .fusion-panel:hover{ border-color: #e0dede; }.fusion-accordian #accordian-1 .panel-title a .fa-fusion-box:before{ font-size: 13px;width: 13px;}.fusion-accordian #accordian-1 .panel-title a .fa-fusion-box{ color: #ffffff;}.fusion-accordian  #accordian-1 .panel-title a{font-family:\"Antic Slab\";font-style:normal;font-weight:400;}.fusion-accordian  #accordian-1 .panel-title a:not(:hover){}.fusion-accordian  #accordian-1 .toggle-content{font-family:\"PT Sans\";font-style:normal;font-weight:400;}.fusion-accordian #accordian-1 .fa-fusion-box { background-color: #333333 !important;border-color: #333333 !important;}.fusion-accordian #accordian-1 .panel-title a:hover,.fusion-accordian #accordian-1 .panel-title a.hover { color: #5a8fe0;}.fusion-faq-shortcode .fusion-accordian #accordian-1 .fusion-toggle-boxed-mode:hover .panel-title a { color: #5a8fe0;}.fusion-accordian #accordian-1 .panel-title .active .fa-fusion-box,.fusion-accordian #accordian-1 .panel-title a:hover .fa-fusion-box,.fusion-accordian #accordian-1 .panel-title a.hover .fa-fusion-box { background-color: #5a8fe0!important;border-color: #5a8fe0!important;}<\/style><div class=\"fusion-faq-shortcode\" style=\"\"><div class=\"fusion-faqs-wrapper\"><div class=\"accordian fusion-accordian\"><div class=\"panel-group \" id=\"accordian-1\"><div class=\"fusion-panel panel-default fusion-faq-post fusion-faq-post-3958 divorcio-colaborativo \"><span class=\"entry-title rich-snippet-hidden\">\u00bfEs un divorcio colaborativo menos costoso?<\/span><span class=\"vcard rich-snippet-hidden\"><span class=\"fn\"><a href=\"https:\/\/divatt.agrotising.dev\/es\/author\/cnagro\/\" title=\"Entradas de cnagro\" rel=\"author\">cnagro<\/a><\/span><\/span><span class=\"updated rich-snippet-hidden\">2021-12-03T17:03:57-05:00<\/span><div class=\"panel-heading\"><h4 id=\"faq_1-3958\" class=\"panel-title toggle\"><a data-toggle=\"collapse\" class=\"collapsed\" data-parent=\"#accordian-1\" data-target=\"#collapse-1-3958\" href=\"#collapse-1-3958\" aria-expanded=\"false\"><div class=\"fusion-toggle-icon-wrapper\"><div class=\"fusion-toggle-icon-wrapper-main\"><div class=\"fusion-toggle-icon-wrapper-sub\"><i class=\"fa-fusion-box active-icon awb-icon-minus\" aria-hidden=\"true\"><\/i><i class=\"fa-fusion-box inactive-icon awb-icon-plus\" aria-hidden=\"true\"><\/i><\/div><\/div><\/div><div class=\"fusion-toggle-heading\">\u00bfEs un divorcio colaborativo menos costoso?<\/div><\/a><\/h4><\/div><div id=\"collapse-1-3958\" aria-labelledby=\"faq_1-3958\" class=\"panel-collapse collapse\"><div class=\"panel-body toggle-content post-content\"><p>Si. Con, el m\u00e9todo colaborativo, usted comparte los costos de los recursos profesionales con su c\u00f3nyuge. Ambas partes normalmente utilizan profesionales capacitados en finanzas y salud mental, lo que permite ahorrar dinero. Estos profesionales son menos costosos que los honorarios de los abogados y, a menudo, son m\u00e1s adecuados para abordar los diversos aspectos de la preparaci\u00f3n para un divorcio.<\/p>\n<\/div><\/div><\/div><div class=\"fusion-panel panel-default fusion-faq-post fusion-faq-post-3957 divorcio-colaborativo \"><span class=\"entry-title rich-snippet-hidden\">En el divorcio colaborativo, \u00bftodav\u00eda tengo mi propia abogada?<\/span><span class=\"vcard rich-snippet-hidden\"><span class=\"fn\"><a href=\"https:\/\/divatt.agrotising.dev\/es\/author\/cnagro\/\" title=\"Entradas de cnagro\" rel=\"author\">cnagro<\/a><\/span><\/span><span class=\"updated rich-snippet-hidden\">2021-12-03T17:01:18-05:00<\/span><div class=\"panel-heading\"><h4 id=\"faq_1-3957\" class=\"panel-title toggle\"><a data-toggle=\"collapse\" class=\"collapsed\" data-parent=\"#accordian-1\" data-target=\"#collapse-1-3957\" href=\"#collapse-1-3957\" aria-expanded=\"false\"><div class=\"fusion-toggle-icon-wrapper\"><div class=\"fusion-toggle-icon-wrapper-main\"><div class=\"fusion-toggle-icon-wrapper-sub\"><i class=\"fa-fusion-box active-icon awb-icon-minus\" aria-hidden=\"true\"><\/i><i class=\"fa-fusion-box inactive-icon awb-icon-plus\" aria-hidden=\"true\"><\/i><\/div><\/div><\/div><div class=\"fusion-toggle-heading\">En el divorcio colaborativo, \u00bftodav\u00eda tengo mi propia abogada?<\/div><\/a><\/h4><\/div><div id=\"collapse-1-3957\" aria-labelledby=\"faq_1-3957\" class=\"panel-collapse collapse\"><div class=\"panel-body toggle-content post-content\"><p>Si. De hecho, ambas partes tienen sus propios abogados de divorcio, velando por los mejores intereses de su cliente. Los abogados entrenados en el sistema colaborativo trabajan en estrecha colaboraci\u00f3n con todas las partes con el objetivo de llegar al divorcio lo m\u00e1s f\u00e1cilmente posible.<\/p>\n<\/div><\/div><\/div><div class=\"fusion-panel panel-default fusion-faq-post fusion-faq-post-3956 divorcio-colaborativo \"><span class=\"entry-title rich-snippet-hidden\">\u00bfEs el divorcio colaborativo m\u00e1s privado?<\/span><span class=\"vcard rich-snippet-hidden\"><span class=\"fn\"><a href=\"https:\/\/divatt.agrotising.dev\/es\/author\/cnagro\/\" title=\"Entradas de cnagro\" rel=\"author\">cnagro<\/a><\/span><\/span><span class=\"updated rich-snippet-hidden\">2021-12-03T16:59:37-05:00<\/span><div class=\"panel-heading\"><h4 id=\"faq_1-3956\" class=\"panel-title toggle\"><a data-toggle=\"collapse\" class=\"collapsed\" data-parent=\"#accordian-1\" data-target=\"#collapse-1-3956\" href=\"#collapse-1-3956\" aria-expanded=\"false\"><div class=\"fusion-toggle-icon-wrapper\"><div class=\"fusion-toggle-icon-wrapper-main\"><div class=\"fusion-toggle-icon-wrapper-sub\"><i class=\"fa-fusion-box active-icon awb-icon-minus\" aria-hidden=\"true\"><\/i><i class=\"fa-fusion-box inactive-icon awb-icon-plus\" aria-hidden=\"true\"><\/i><\/div><\/div><\/div><div class=\"fusion-toggle-heading\">\u00bfEs el divorcio colaborativo m\u00e1s privado?<\/div><\/a><\/h4><\/div><div id=\"collapse-1-3956\" aria-labelledby=\"faq_1-3956\" class=\"panel-collapse collapse\"><div class=\"panel-body toggle-content post-content\"><p>Un proceso de divorcio colaborativo mantiene todo menos la presentaci\u00f3n final fuera del sistema judicial. Las partes trabajan a su propio ritmo resolviendo los detalles del divorcio con un equipo de sus abogados y otros profesionales capacitados. Los jueces no participan en la toma de decisiones. Este enfoque limita la exposici\u00f3n a los registros p\u00fablicos.<\/p>\n<\/div><\/div><\/div><\/div><\/div><\/div><\/div><div class=\"fusion-sep-clear\"><\/div><div class=\"fusion-separator fusion-full-width-sep\" style=\"margin-left: auto;margin-right: auto;margin-top:40px;margin-bottom:40px;width:100%;\"><\/div><div class=\"fusion-sep-clear\"><\/div><div class=\"fusion-clearfix\"><\/div><\/div><\/div><\/div><\/div><div class=\"fusion-fullwidth fullwidth-box fusion-builder-row-3 fusion-flex-container nonhundred-percent-fullwidth non-hundred-percent-height-scrolling\" style=\"--awb-border-radius-top-left:0px;--awb-border-radius-top-right:0px;--awb-border-radius-bottom-right:0px;--awb-border-radius-bottom-left:0px;--awb-padding-right:40px;--awb-padding-left:40px;--awb-margin-top:40px;--awb-background-color:#cce4fc;--awb-flex-wrap:wrap;\" ><div class=\"fusion-builder-row fusion-row fusion-flex-align-items-center fusion-flex-content-wrap\" style=\"max-width:1144px;margin-left: calc(-4% \/ 2 );margin-right: calc(-4% \/ 2 );\"><div class=\"fusion-layout-column fusion_builder_column fusion-builder-column-2 fusion_builder_column_2_3 2_3 fusion-flex-column fusion-flex-align-self-center\" style=\"--awb-bg-size:cover;--awb-width-large:66.666666666667%;--awb-margin-top-large:0px;--awb-spacing-right-large:2.88%;--awb-margin-bottom-large:0px;--awb-spacing-left-large:2.88%;--awb-width-medium:100%;--awb-order-medium:0;--awb-spacing-right-medium:1.92%;--awb-spacing-left-medium:1.92%;--awb-width-small:100%;--awb-order-small:0;--awb-spacing-right-small:1.92%;--awb-spacing-left-small:1.92%;\"><div class=\"fusion-column-wrapper fusion-column-has-shadow fusion-flex-justify-content-center fusion-content-layout-column\"><div class=\"fusion-text fusion-text-2\" style=\"--awb-text-transform:none;\"><h1>Agenda una consulta personal con Liliana<\/h1>\n<\/div><div class=\"fusion-modal modal fade modal-1 freeconsultation\" tabindex=\"-1\" role=\"dialog\" aria-labelledby=\"modal-heading-1\" aria-hidden=\"true\" style=\"--awb-border-color:#ebebeb;--awb-background:#f6f6f6;\"><div class=\"modal-dialog modal-lg\" role=\"document\"><div class=\"modal-content fusion-modal-content\"><div class=\"modal-header\"><button class=\"close\" type=\"button\" data-dismiss=\"modal\" aria-hidden=\"true\" aria-label=\"Close\">&times;<\/button><h3 class=\"modal-title\" id=\"modal-heading-1\" data-dismiss=\"modal\" aria-hidden=\"true\">Agenda tu consulta gratuita con Liliana L Guarino<\/h3><\/div><div class=\"modal-body fusion-clearfix\">\n\n<div class=\"wpcf7 no-js\" id=\"wpcf7-f3446-o1\" lang=\"en-US\" dir=\"ltr\">\n<div class=\"screen-reader-response\"><p role=\"status\" aria-live=\"polite\" aria-atomic=\"true\"><\/p> <ul><\/ul><\/div>\n<form action=\"\/es\/wp-json\/wp\/v2\/pages\/3944#wpcf7-f3446-o1\" method=\"post\" class=\"wpcf7-form init chimpmatic-1.3.8\" aria-label=\"Contact form\" novalidate=\"novalidate\" data-status=\"init\">\n<div style=\"display: none;\">\n<input type=\"hidden\" name=\"_wpcf7\" value=\"3446\" \/>\n<input type=\"hidden\" name=\"_wpcf7_version\" value=\"5.9.8\" \/>\n<input type=\"hidden\" name=\"_wpcf7_locale\" value=\"en_US\" \/>\n<input type=\"hidden\" name=\"_wpcf7_unit_tag\" value=\"wpcf7-f3446-o1\" \/>\n<input type=\"hidden\" name=\"_wpcf7_container_post\" value=\"0\" \/>\n<input type=\"hidden\" name=\"_wpcf7_posted_data_hash\" value=\"\" \/>\n<input type=\"hidden\" name=\"_wpcf7_recaptcha_response\" value=\"\" \/>\n<\/div>\n<p>Complete and submit to receive a call to schedule a date and time.<br \/>\n<em>Complete lo siguiente y lo llamaremos para coordinar el d\u00eda y la hora<\/em>\n<\/p>\n<p><label> First Name \/ Primer nombre (required\/informaci\u00f3n requerida)<br \/>\n<span class=\"wpcf7-form-control-wrap\" data-name=\"FNAME\"><input size=\"40\" maxlength=\"400\" class=\"wpcf7-form-control wpcf7-text wpcf7-validates-as-required\" aria-required=\"true\" aria-invalid=\"false\" value=\"\" type=\"text\" name=\"FNAME\" \/><\/span> <\/label>\n<\/p>\n<p><label> Last Name \/ Apellido (required\/informaci\u00f3n requerida)<br \/>\n<span class=\"wpcf7-form-control-wrap\" data-name=\"LNAME\"><input size=\"40\" maxlength=\"400\" class=\"wpcf7-form-control wpcf7-text wpcf7-validates-as-required\" aria-required=\"true\" aria-invalid=\"false\" value=\"\" type=\"text\" name=\"LNAME\" \/><\/span> <\/label>\n<\/p>\n<p><label> Your Email \/ Su direcci\u00f3n de correo electr\u00f3nico (required\/informaci\u00f3n requerida)<br \/>\n<span class=\"wpcf7-form-control-wrap\" data-name=\"your-email\"><input size=\"40\" maxlength=\"400\" class=\"wpcf7-form-control wpcf7-email wpcf7-validates-as-required wpcf7-text wpcf7-validates-as-email\" aria-required=\"true\" aria-invalid=\"false\" value=\"\" type=\"email\" name=\"your-email\" \/><\/span> <\/label>\n<\/p>\n<p><label> Your Phone \/ su tel\u00e9fono (required\/informaci\u00f3n requerida)<br \/>\n<span class=\"wpcf7-form-control-wrap\" data-name=\"phone\"><input size=\"40\" maxlength=\"400\" class=\"wpcf7-form-control wpcf7-tel wpcf7-validates-as-required wpcf7-text wpcf7-validates-as-tel\" aria-required=\"true\" aria-invalid=\"false\" value=\"\" type=\"tel\" name=\"phone\" \/><\/span> <\/label>\n<\/p>\n<p>We are scheduling a free consultation by phone, limited to 15 minutes approximately. We will discuss non confidential information related to a family law matter. No attorney-client relationship will exist unless we sign an engagement letter delineating the terms of the representation.\n<\/p>\n<p>By submitting this request you also agree to be added to our mailing list. But do not worry, we never share personal information and you can always unsubscribe yourself.\n<\/p>\n<p><em>Estamos planificando una primera consulta inicial gratis telefonica, de aproximadamente 15 minutos de duraci\u00f3n. Discutiremos asuntos no confidenciales relacionados a un caso de derecho de familia. No se establecer\u00e1 una relaci\u00f3n de abogado-cliente a menos que firmemos un acuerdo delineando los t\u00e9rminos de la representaci\u00f3n.<\/em>\n<\/p>\n<p><em>Al someter este pedido usted acepta que lo agreguemos a nuestra lista de correo. Pero no se preocupe, nunca divulgaremos su informacion personal, y usted se puede borrar de la lista si as\u00ed lo desea.<\/em>\n<\/p>\n<p><span class=\"wpcf7-form-control-wrap\" data-name=\"disclaimer\"><span class=\"wpcf7-form-control wpcf7-checkbox wpcf7-validates-as-required\"><span class=\"wpcf7-list-item first last\"><label><input type=\"checkbox\" name=\"disclaimer[]\" value=\"I have read and agree with the disclaimer. (He le\u00eddo y estoy de acuerdo con el descargo de responsabilidad.)\" \/><span class=\"wpcf7-list-item-label\">I have read and agree with the disclaimer. (He le\u00eddo y estoy de acuerdo con el descargo de responsabilidad.)<\/span><\/label><\/span><\/span><\/span>\n<\/p>\n<p><input class=\"wpcf7-form-control wpcf7-submit has-spinner\" type=\"submit\" value=\"Request Consultation\" \/><br \/>\n\n<\/p><p style=\"display: none !important;\" class=\"akismet-fields-container\" data-prefix=\"_wpcf7_ak_\"><label>&#916;<textarea name=\"_wpcf7_ak_hp_textarea\" cols=\"45\" rows=\"8\" maxlength=\"100\"><\/textarea><\/label><input type=\"hidden\" id=\"ak_js_1\" name=\"_wpcf7_ak_js\" value=\"1\"\/><script>document.getElementById( \"ak_js_1\" ).setAttribute( \"value\", ( new Date() ).getTime() );<\/script><\/p><div class=\"fusion-alert alert custom alert-custom fusion-alert-center wpcf7-response-output fusion-alert-capitalize awb-alert-native-link-color alert-dismissable awb-alert-close-boxed\" style=\"--awb-border-top-left-radius:0px;--awb-border-top-right-radius:0px;--awb-border-bottom-left-radius:0px;--awb-border-bottom-right-radius:0px;\" role=\"alert\"><div class=\"fusion-alert-content-wrapper\"><span class=\"fusion-alert-content\"><\/span><\/div><button type=\"button\" class=\"close toggle-alert\" data-dismiss=\"alert\" aria-label=\"Close\">&times;<\/button><\/div>\n<\/form>\n<\/div>\n\n<\/div><div class=\"modal-footer\"><button class=\"fusion-button button-default button-medium button default medium\" type=\"button\" data-dismiss=\"modal\">Close<\/button><\/div><\/div><\/div><\/div><\/div><\/div><div class=\"fusion-layout-column fusion_builder_column fusion-builder-column-3 fusion_builder_column_1_3 1_3 fusion-flex-column fusion-flex-align-self-center\" style=\"--awb-padding-top:20px;--awb-padding-bottom:20px;--awb-padding-left:0px;--awb-bg-size:cover;--awb-width-large:33.333333333333%;--awb-margin-top-large:0px;--awb-spacing-right-large:0px;--awb-margin-bottom-large:0px;--awb-spacing-left-large:0px;--awb-width-medium:100%;--awb-order-medium:0;--awb-spacing-right-medium:1.92%;--awb-spacing-left-medium:1.92%;--awb-width-small:100%;--awb-order-small:0;--awb-spacing-right-small:1.92%;--awb-spacing-left-small:1.92%;\"><div class=\"fusion-column-wrapper fusion-column-has-shadow fusion-flex-justify-content-space-evenly fusion-content-layout-column\"><div style=\"text-align:center;\"><a class=\"fusion-button button-flat button-xlarge button-default fusion-button-default button-1 fusion-button-default-span fusion-button-default-type\" target=\"_self\" href=\"#\" data-toggle=\"modal\" data-target=\".fusion-modal.freeconsultation\"><span class=\"fusion-button-text\">\u00a1Empiece ahora gratis!<\/span><\/a><\/div><\/div><\/div><\/div><\/div>\n<div class=\"fusion-fullwidth fullwidth-box fusion-builder-row-4 fusion-flex-container nonhundred-percent-fullwidth non-hundred-percent-height-scrolling\" style=\"--awb-border-radius-top-left:0px;--awb-border-radius-top-right:0px;--awb-border-radius-bottom-right:0px;--awb-border-radius-bottom-left:0px;--awb-margin-top:20px;--awb-flex-wrap:wrap;\" ><div class=\"fusion-builder-row fusion-row fusion-flex-align-items-flex-start fusion-flex-content-wrap\" style=\"max-width:1144px;margin-left: calc(-4% \/ 2 );margin-right: calc(-4% \/ 2 );\"><div class=\"fusion-layout-column fusion_builder_column fusion-builder-column-4 fusion_builder_column_1_1 1_1 fusion-flex-column\" style=\"--awb-bg-size:cover;--awb-width-large:100%;--awb-margin-top-large:0px;--awb-spacing-right-large:1.92%;--awb-margin-bottom-large:0px;--awb-spacing-left-large:1.92%;--awb-width-medium:100%;--awb-spacing-right-medium:1.92%;--awb-spacing-left-medium:1.92%;--awb-width-small:100%;--awb-spacing-right-small:1.92%;--awb-spacing-left-small:1.92%;\"><div class=\"fusion-column-wrapper fusion-flex-justify-content-flex-start fusion-content-layout-column\"><div class=\"fusion-text fusion-text-3\" style=\"--awb-text-transform:none;\"><p><strong>* Tenga en cuenta:<\/strong> Liliana L Guarino se reserva el derecho de determinar si su servicio de divorcio colaborativo es apropiado para su situaci\u00f3n.<\/p>\n<\/div><\/div><\/div><\/div><\/div><\/p>\n","protected":false},"excerpt":{"rendered":"","protected":false},"author":1,"featured_media":0,"parent":0,"menu_order":0,"comment_status":"closed","ping_status":"closed","template":"","meta":{"footnotes":""},"class_list":["post-3944","page","type-page","status-publish","hentry"],"yoast_head":"<!-- This site is optimized with the Yoast SEO plugin v23.1 - https:\/\/yoast.com\/wordpress\/plugins\/seo\/ -->\n<title>Derecho colaborativo - Divorce Attorney Weston Florida - Liliana Guarino, P.A.<\/title>\n<meta name=\"robots\" content=\"index, follow, max-snippet:-1, max-image-preview:large, max-video-preview:-1\" \/>\n<link rel=\"canonical\" href=\"https:\/\/divatt.agrotising.dev\/es\/derecho-colaborativo\/\" \/>\n<meta property=\"og:locale\" content=\"es_ES\" \/>\n<meta property=\"og:type\" content=\"article\" \/>\n<meta property=\"og:title\" content=\"Derecho colaborativo - Divorce Attorney Weston Florida - Liliana Guarino, P.A.\" \/>\n<meta property=\"og:url\" content=\"https:\/\/divatt.agrotising.dev\/es\/derecho-colaborativo\/\" \/>\n<meta property=\"og:site_name\" content=\"Divorce Attorney Weston Florida - Liliana Guarino, P.A.\" \/>\n<meta property=\"article:modified_time\" content=\"2021-12-03T22:21:04+00:00\" \/>\n<meta name=\"twitter:label1\" content=\"Tiempo de lectura\" \/>\n\t<meta name=\"twitter:data1\" content=\"6 minutos\" \/>\n<script type=\"application\/ld+json\" class=\"yoast-schema-graph\">{\"@context\":\"https:\/\/schema.org\",\"@graph\":[{\"@type\":\"WebPage\",\"@id\":\"https:\/\/divatt.agrotising.dev\/es\/derecho-colaborativo\/\",\"url\":\"https:\/\/divatt.agrotising.dev\/es\/derecho-colaborativo\/\",\"name\":\"Derecho colaborativo - Divorce Attorney Weston Florida - Liliana Guarino, P.A.\",\"isPartOf\":{\"@id\":\"https:\/\/divatt.agrotising.dev\/#website\"},\"datePublished\":\"2021-11-12T19:17:25+00:00\",\"dateModified\":\"2021-12-03T22:21:04+00:00\",\"breadcrumb\":{\"@id\":\"https:\/\/divatt.agrotising.dev\/es\/derecho-colaborativo\/#breadcrumb\"},\"inLanguage\":\"es\",\"potentialAction\":[{\"@type\":\"ReadAction\",\"target\":[\"https:\/\/divatt.agrotising.dev\/es\/derecho-colaborativo\/\"]}]},{\"@type\":\"BreadcrumbList\",\"@id\":\"https:\/\/divatt.agrotising.dev\/es\/derecho-colaborativo\/#breadcrumb\",\"itemListElement\":[{\"@type\":\"ListItem\",\"position\":1,\"name\":\"Home\",\"item\":\"https:\/\/divatt.agrotising.dev\/es\/\"},{\"@type\":\"ListItem\",\"position\":2,\"name\":\"Derecho colaborativo\"}]},{\"@type\":\"WebSite\",\"@id\":\"https:\/\/divatt.agrotising.dev\/#website\",\"url\":\"https:\/\/divatt.agrotising.dev\/\",\"name\":\"Divorce Attorney Weston Florida - Liliana Guarino, P.A.\",\"description\":\"Matrimonial and Family Law\",\"potentialAction\":[{\"@type\":\"SearchAction\",\"target\":{\"@type\":\"EntryPoint\",\"urlTemplate\":\"https:\/\/divatt.agrotising.dev\/?s={search_term_string}\"},\"query-input\":\"required name=search_term_string\"}],\"inLanguage\":\"es\"}]}<\/script>\n<!-- \/ Yoast SEO plugin. -->","yoast_head_json":{"title":"Derecho colaborativo - Divorce Attorney Weston Florida - Liliana Guarino, P.A.","robots":{"index":"index","follow":"follow","max-snippet":"max-snippet:-1","max-image-preview":"max-image-preview:large","max-video-preview":"max-video-preview:-1"},"canonical":"https:\/\/divatt.agrotising.dev\/es\/derecho-colaborativo\/","og_locale":"es_ES","og_type":"article","og_title":"Derecho colaborativo - Divorce Attorney Weston Florida - Liliana Guarino, P.A.","og_url":"https:\/\/divatt.agrotising.dev\/es\/derecho-colaborativo\/","og_site_name":"Divorce Attorney Weston Florida - Liliana Guarino, P.A.","article_modified_time":"2021-12-03T22:21:04+00:00","twitter_misc":{"Tiempo de lectura":"6 minutos"},"schema":{"@context":"https:\/\/schema.org","@graph":[{"@type":"WebPage","@id":"https:\/\/divatt.agrotising.dev\/es\/derecho-colaborativo\/","url":"https:\/\/divatt.agrotising.dev\/es\/derecho-colaborativo\/","name":"Derecho colaborativo - Divorce Attorney Weston Florida - Liliana Guarino, P.A.","isPartOf":{"@id":"https:\/\/divatt.agrotising.dev\/#website"},"datePublished":"2021-11-12T19:17:25+00:00","dateModified":"2021-12-03T22:21:04+00:00","breadcrumb":{"@id":"https:\/\/divatt.agrotising.dev\/es\/derecho-colaborativo\/#breadcrumb"},"inLanguage":"es","potentialAction":[{"@type":"ReadAction","target":["https:\/\/divatt.agrotising.dev\/es\/derecho-colaborativo\/"]}]},{"@type":"BreadcrumbList","@id":"https:\/\/divatt.agrotising.dev\/es\/derecho-colaborativo\/#breadcrumb","itemListElement":[{"@type":"ListItem","position":1,"name":"Home","item":"https:\/\/divatt.agrotising.dev\/es\/"},{"@type":"ListItem","position":2,"name":"Derecho colaborativo"}]},{"@type":"WebSite","@id":"https:\/\/divatt.agrotising.dev\/#website","url":"https:\/\/divatt.agrotising.dev\/","name":"Divorce Attorney Weston Florida - Liliana Guarino, P.A.","description":"Matrimonial and Family Law","potentialAction":[{"@type":"SearchAction","target":{"@type":"EntryPoint","urlTemplate":"https:\/\/divatt.agrotising.dev\/?s={search_term_string}"},"query-input":"required name=search_term_string"}],"inLanguage":"es"}]}},"_links":{"self":[{"href":"https:\/\/divatt.agrotising.dev\/es\/wp-json\/wp\/v2\/pages\/3944"}],"collection":[{"href":"https:\/\/divatt.agrotising.dev\/es\/wp-json\/wp\/v2\/pages"}],"about":[{"href":"https:\/\/divatt.agrotising.dev\/es\/wp-json\/wp\/v2\/types\/page"}],"author":[{"embeddable":true,"href":"https:\/\/divatt.agrotising.dev\/es\/wp-json\/wp\/v2\/users\/1"}],"replies":[{"embeddable":true,"href":"https:\/\/divatt.agrotising.dev\/es\/wp-json\/wp\/v2\/comments?post=3944"}],"version-history":[{"count":6,"href":"https:\/\/divatt.agrotising.dev\/es\/wp-json\/wp\/v2\/pages\/3944\/revisions"}],"predecessor-version":[{"id":4079,"href":"https:\/\/divatt.agrotising.dev\/es\/wp-json\/wp\/v2\/pages\/3944\/revisions\/4079"}],"wp:attachment":[{"href":"https:\/\/divatt.agrotising.dev\/es\/wp-json\/wp\/v2\/media?parent=3944"}],"curies":[{"name":"wp","href":"https:\/\/api.w.org\/{rel}","templated":true}]}}